{"id":10,"date":"2016-11-30T14:46:16","date_gmt":"2016-11-30T13:46:16","guid":{"rendered":"http:\/\/cron-online.de\/?page_id=10"},"modified":"2017-11-17T13:15:47","modified_gmt":"2017-11-17T12:15:47","slug":"planung-beratung","status":"publish","type":"page","link":"https:\/\/cron-online.de\/es\/leistungen\/planung-beratung\/","title":{"rendered":"Planificaci\u00f3n y Consulta"},"content":{"rendered":"<p><\/p>\n<h3>La buena planificaci\u00f3n lo es todo<\/h3>\n<p>Los expertos de CRON tienen como objetivo contribuir de forma significativa con sus proyectos a la mejora de las estructuras corporativas. \u00danicamente cuando los clientes no solo est\u00e1n satisfechos, sino entusiasmados, la misi\u00f3n de CRON se dar\u00e1 por cumplida. El requisito previo para esto es la fase de planificaci\u00f3n y consulta eficaz antes de realizar el pedido y el apoyo responsable al cliente durante todas las fases del proyecto.<\/p>\n<p>Las dudas y las solicitudes individuales se aclarar\u00e1n \u00fanicamente en cooperaci\u00f3n estrecha y en confianza con los usuarios. Solo se podr\u00e1 formular la misi\u00f3n adecuada y determinar los conceptos de la soluci\u00f3n utilizando esta base de conocimiento. El resultado de este di\u00e1logo intensivo es un documento de especificaci\u00f3n funcional en el que se describe con precisi\u00f3n y detalle la labor del proyecto.<\/p>\n<p>Un documento de especificaci\u00f3n funcional de CRON est\u00e1 formado por:<\/p>\n<ul>\n<li>Concepto de soluci\u00f3n<\/li>\n<li>Tareas<\/li>\n<li>Programaci\u00f3n<\/li>\n<li>Fechas<\/li>\n<li>Selecci\u00f3n de componentes, como b\u00e1sculas, impresoras, etiquetadoras, marcadores y equipos y programas inform\u00e1ticos<\/li>\n<\/ul>\n<h4>El lema de CRON en esta fase es:<br \/>\n<span style=\"color: #339966;\">\u00abCuanto mejor sea la planificaci\u00f3n, menos errores habr\u00e1 y m\u00e1s barato ser\u00e1 para todos!<strong>\u00ab<\/strong><\/span><\/h4>\n<p>&nbsp;<\/p>\n<p>&nbsp;<\/p>","protected":false},"excerpt":{"rendered":"<p>La buena planificaci\u00f3n lo es todo Los expertos de CRON tienen como objetivo contribuir de forma significativa con sus proyectos a la mejora de las estructuras corporativas. \u00danicamente cuando los clientes no solo est\u00e1n satisfechos, sino entusiasmados, la misi\u00f3n de CRON se dar\u00e1 por cumplida. El requisito previo para esto es la fase de planificaci\u00f3n [&hellip;]<\/p>\n","protected":false},"author":1,"featured_media":0,"parent":8,"menu_order":0,"comment_status":"closed","ping_status":"closed","template":"","meta":[],"_links":{"self":[{"href":"https:\/\/cron-online.de\/es\/wp-json\/wp\/v2\/pages\/10"}],"collection":[{"href":"https:\/\/cron-online.de\/es\/wp-json\/wp\/v2\/pages"}],"about":[{"href":"https:\/\/cron-online.de\/es\/wp-json\/wp\/v2\/types\/page"}],"author":[{"embeddable":true,"href":"https:\/\/cron-online.de\/es\/wp-json\/wp\/v2\/users\/1"}],"replies":[{"embeddable":true,"href":"https:\/\/cron-online.de\/es\/wp-json\/wp\/v2\/comments?post=10"}],"version-history":[{"count":0,"href":"https:\/\/cron-online.de\/es\/wp-json\/wp\/v2\/pages\/10\/revisions"}],"up":[{"embeddable":true,"href":"https:\/\/cron-online.de\/es\/wp-json\/wp\/v2\/pages\/8"}],"wp:attachment":[{"href":"https:\/\/cron-online.de\/es\/wp-json\/wp\/v2\/media?parent=10"}],"curies":[{"name":"wp","href":"https:\/\/api.w.org\/{rel}","templated":true}]}}