{"id":12,"date":"2016-11-30T14:47:52","date_gmt":"2016-11-30T13:47:52","guid":{"rendered":"http:\/\/cron-online.de\/?page_id=12"},"modified":"2017-11-15T16:03:00","modified_gmt":"2017-11-15T15:03:00","slug":"fleisch-logistik","status":"publish","type":"page","link":"https:\/\/cron-online.de\/es\/leistungen\/fleisch-logistik\/","title":{"rendered":"Log\u00edstica de la carne"},"content":{"rendered":"<p>CRON ofrece sistemas log\u00edsticos personalizados junto con sus socios. Se responsabiliza de la gesti\u00f3n del almacenamiento y del control de la circulaci\u00f3n de material. Los socios son responsables del acero inoxidable, de la ingenier\u00eda el\u00e9ctrica necesaria, del controlador l\u00f3gico programable, etc.<\/p>\n<p>El sistema de log\u00edstica, denominado <span style=\"color: #339966;\"><strong>celix<\/strong><\/span>, da apoyo a una amplia gama de operaciones, como la entrada de art\u00edculos, el funcionamiento del matadero, la carnicer\u00eda, la producci\u00f3n, el embalaje, la fijaci\u00f3n de precios, el almacenamiento, la selecci\u00f3n y el env\u00edo.<\/p>\n<p>En el coraz\u00f3n del sistema de log\u00edstica, se encuentra siempre una <span style=\"color: #339966;\">caja Eurobox<\/span>. El tipo de caja que se utiliza no suele ser relevante: las m\u00e1s utilizadas son la E2 o la E1, aunque cada vez m\u00e1s se recurre a las cajas de cart\u00f3n. <strong><span style=\"color: #339966;\">celix<\/span><\/strong> exige que los contenedores est\u00e9n claramente marcados con un <span style=\"color: #339966;\">n\u00famero de caja<\/span>.<\/p>\n<p>Hoy en d\u00eda, siguen siendo comunes los c\u00f3digos de barras, pero el uso de transmisores y de tecnolog\u00eda RFID (identificaci\u00f3n por radiofrecuencia) est\u00e1 en auge. <strong><span style=\"color: #339966;\">celix<\/span><\/strong> apoya todas las t\u00e9cnicas de lectura comunes. Independientemente de d\u00f3nde se vayan a situar las cajas de la empresa, ya sea en un transportador autom\u00e1tico o en un registro, tambi\u00e9n se instalar\u00e1 un <span style=\"color: #339966;\">i-dot<\/span>, donde se registra e identifica toda la informaci\u00f3n. Son, por ejemplo, n\u00fameros de caja, n\u00fameros de art\u00edculo, peso, serie, etc. Todas las cajas que hayan pasado dicho punto de identificaci\u00f3n se comunican a <strong><span style=\"color: #339966;\">celix<\/span><\/strong>.<\/p>\n<p>Las cajas tendr\u00e1n distintos fines en la operaci\u00f3n, como: mercanc\u00edas suspendidas para corte, carne fresca para el centro de corte, carne de producci\u00f3n en la remesa, embutidos envasados en un almac\u00e9n, reposici\u00f3n de un almac\u00e9n de nave alta en la sala de selecci\u00f3n, etc.<\/p>\n<p>En <strong><span style=\"color: #339966;\">celix<\/span><\/strong>, el control del flujo de material debe garantizar que todas las cajas llegan a su destino.<\/p>\n<p>Uno de los objetivos importantes en el sistema de log\u00edstica es el almac\u00e9n central. Hoy en d\u00eda, se dise\u00f1an como <span style=\"color: #339966;\">almacenes de nave alta<\/span>. En este punto, <span style=\"color: #339966;\"><strong>celix<\/strong><\/span> realiza la tarea de distribuci\u00f3n y colocaci\u00f3n de los art\u00edculos en el almac\u00e9n de nave alta, siguiendo unas estrategias sofisticadas de almacenamiento y b\u00fasqueda. En estas <span style=\"color: #339966;\">ca\u00f3ticas estrategias de almacenamiento<\/span>, se aplica el amplio conocimiento del equipo de CRON. Un almac\u00e9n de nave alta puede utilizarse, por una parte, como un almac\u00e9n de selecci\u00f3n directa y, por otra, como reserva. En caso de que sea como reserva, se organiza un <span style=\"color: #339966;\">estante de selecci\u00f3n<\/span> de pedidos ordenado de arriba abajo con los art\u00edculos de reposici\u00f3n, donde se \u00abseleccionan\u00bb los art\u00edculos relacionados con el cliente. Esto se realiza en distintas zonas de selecci\u00f3n.<\/p>\n<p>Despu\u00e9s, se manda la caja relacionada con el cliente a env\u00edos. <span style=\"color: #339966;\"><strong>celix<\/strong><\/span> puede organizar distintas cajas de las diferentes zonas de selecci\u00f3n en un encargo del cliente a trav\u00e9s de una <span style=\"color: #339966;\">estaci\u00f3n de organizaci\u00f3n<\/span>. Por otro lado, tambi\u00e9n puede utilizarse un estante de organizaci\u00f3n.<\/p>\n<p>Por \u00faltimo, las cajas de los clientes se trasladan a un <span style=\"color: #339966;\">montacargas<\/span>, donde se pueden cargar autom\u00e1ticamente los pal\u00e9s con o sin ruedas. Al mismo tiempo, suelen imprimirse los documentos del pal\u00e9, y los art\u00edculos ya est\u00e1n listos para su env\u00edo.<\/p>","protected":false},"excerpt":{"rendered":"<p>CRON ofrece sistemas log\u00edsticos personalizados junto con sus socios. Se responsabiliza de la gesti\u00f3n del almacenamiento y del control de la circulaci\u00f3n de material. Los socios son responsables del acero inoxidable, de la ingenier\u00eda el\u00e9ctrica necesaria, del controlador l\u00f3gico programable, etc. El sistema de log\u00edstica, denominado celix, da apoyo a una amplia gama de operaciones, [&hellip;]<\/p>\n","protected":false},"author":1,"featured_media":0,"parent":8,"menu_order":1,"comment_status":"closed","ping_status":"closed","template":"","meta":[],"_links":{"self":[{"href":"https:\/\/cron-online.de\/es\/wp-json\/wp\/v2\/pages\/12"}],"collection":[{"href":"https:\/\/cron-online.de\/es\/wp-json\/wp\/v2\/pages"}],"about":[{"href":"https:\/\/cron-online.de\/es\/wp-json\/wp\/v2\/types\/page"}],"author":[{"embeddable":true,"href":"https:\/\/cron-online.de\/es\/wp-json\/wp\/v2\/users\/1"}],"replies":[{"embeddable":true,"href":"https:\/\/cron-online.de\/es\/wp-json\/wp\/v2\/comments?post=12"}],"version-history":[{"count":0,"href":"https:\/\/cron-online.de\/es\/wp-json\/wp\/v2\/pages\/12\/revisions"}],"up":[{"embeddable":true,"href":"https:\/\/cron-online.de\/es\/wp-json\/wp\/v2\/pages\/8"}],"wp:attachment":[{"href":"https:\/\/cron-online.de\/es\/wp-json\/wp\/v2\/media?parent=12"}],"curies":[{"name":"wp","href":"https:\/\/api.w.org\/{rel}","templated":true}]}}