{"id":150,"date":"2016-12-16T12:59:14","date_gmt":"2016-12-16T11:59:14","guid":{"rendered":"http:\/\/cron-online.de\/?page_id=150"},"modified":"2019-03-08T14:56:35","modified_gmt":"2019-03-08T13:56:35","slug":"cron-auf-zukunft-programmiert","status":"publish","type":"page","link":"https:\/\/cron-online.de\/es\/","title":{"rendered":"CRON, programado para el futuro"},"content":{"rendered":"<p><a class=\"boxersandswipers\" class=\"boxersandswipers\" class=\"boxersandswipers\" href=\"https:\/\/cron-online.de\/wp-content\/uploads\/2016\/12\/CRON_E2-Kisten.jpg\"><img decoding=\"async\" loading=\"lazy\" class=\"wp-image-259 alignright\" src=\"https:\/\/cron-online.de\/wp-content\/uploads\/2016\/12\/CRON-E2-Kisten.jpg\" alt=\"\" width=\"450\" height=\"253\"><\/a>Los ingenieros y los programadores de CRON llevan m\u00e1s de 30 a\u00f1os trabajando para perfeccionar la log\u00edstica alimentaria basada en programas inform\u00e1ticos. Desde el primer d\u00eda, se ha reconocido el nivel de especializaci\u00f3n del equipo de CRON y, con el inter\u00e9s de los consumidores en mente, puede acceder a una gran variedad de experiencia y profundizar en los conocimientos de ingenier\u00eda. El r\u00e1pido desarrollo de la tecnolog\u00eda digital supone una motivaci\u00f3n constante e inspira a CRON a trabajar en los conocimientos del futuro. As\u00ed es como surgen las soluciones vanguardistas que se adaptan a las exigencias log\u00edsticas de los clientes y dan lugar a extraordinarias mejoras en la circulaci\u00f3n de mercanc\u00edas.<\/p>\n<p>Los proyectos log\u00edsticos del sector de los productos c\u00e1rnicos y embutidos son la base de las actividades de CRON. Las empresas grandes, medianas y peque\u00f1as valoran mucho la experiencia completa del equipo de CRON en relaci\u00f3n con este tema, tanto a nivel nacional como internacional.<\/p>","protected":false},"excerpt":{"rendered":"<p>Los ingenieros y los programadores de CRON llevan m\u00e1s de 30 a\u00f1os trabajando para perfeccionar la log\u00edstica alimentaria basada en programas inform\u00e1ticos. Desde el primer d\u00eda, se ha reconocido el nivel de especializaci\u00f3n del equipo de CRON y, con el inter\u00e9s de los consumidores en mente, puede acceder a una gran variedad de experiencia y [&hellip;]<\/p>\n","protected":false},"author":1,"featured_media":0,"parent":0,"menu_order":0,"comment_status":"closed","ping_status":"closed","template":"","meta":[],"_links":{"self":[{"href":"https:\/\/cron-online.de\/es\/wp-json\/wp\/v2\/pages\/150"}],"collection":[{"href":"https:\/\/cron-online.de\/es\/wp-json\/wp\/v2\/pages"}],"about":[{"href":"https:\/\/cron-online.de\/es\/wp-json\/wp\/v2\/types\/page"}],"author":[{"embeddable":true,"href":"https:\/\/cron-online.de\/es\/wp-json\/wp\/v2\/users\/1"}],"replies":[{"embeddable":true,"href":"https:\/\/cron-online.de\/es\/wp-json\/wp\/v2\/comments?post=150"}],"version-history":[{"count":2,"href":"https:\/\/cron-online.de\/es\/wp-json\/wp\/v2\/pages\/150\/revisions"}],"predecessor-version":[{"id":451,"href":"https:\/\/cron-online.de\/es\/wp-json\/wp\/v2\/pages\/150\/revisions\/451"}],"wp:attachment":[{"href":"https:\/\/cron-online.de\/es\/wp-json\/wp\/v2\/media?parent=150"}],"curies":[{"name":"wp","href":"https:\/\/api.w.org\/{rel}","templated":true}]}}