{"id":16,"date":"2016-11-30T14:55:20","date_gmt":"2016-11-30T13:55:20","guid":{"rendered":"http:\/\/cron-online.de\/?page_id=16"},"modified":"2017-11-15T16:17:32","modified_gmt":"2017-11-15T15:17:32","slug":"kommissioniersysteme","status":"publish","type":"page","link":"https:\/\/cron-online.de\/es\/leistungen\/kommissioniersysteme\/","title":{"rendered":"Selecci\u00f3n"},"content":{"rendered":"<p><\/p>\n<h3>celix: m\u00e1s eficacia en la selecci\u00f3n de pedidos<\/h3>\n<p>CRON ofrece sistemas de selecci\u00f3n de distinta complejidad: desde soluciones integradas en un sistema log\u00edstico completo a sistemas manuales con un grado m\u00ednimo de automatizaci\u00f3n.<\/p>\n<p><strong>El fundamento de la selecci\u00f3n \u00absin documentos\u00bb es el sistema \u00abcelix\u00bb<\/strong>. Todos los pedidos se registran de forma manual o autom\u00e1tica en un ordenador central. celix puede recibir las \u00f3rdenes a trav\u00e9s del sistema ERP. Cada pedido del cliente se asigna a un d\u00eda de entrega y a un viaje, a ra\u00edz de lo cual se define la secuencia de la llegada al cliente.<\/p>\n<p>El fundamento cl\u00e1sico de la selecci\u00f3n de pedidos en la industria c\u00e1rnica y de embutidos es un estante de selecci\u00f3n, antes de las b\u00e1sculas de selecci\u00f3n o estaciones de selecci\u00f3n de pedidos, donde se indican los i-dots. Los art\u00edculos pueden seleccionarse en las distintas zonas de selecci\u00f3n de la estaci\u00f3n de trabajo de celix.<\/p>\n<h3><a class=\"boxersandswipers\" title=\"Motorola MC99090-G\" class=\"boxersandswipers\" title=\"Motorola MC99090-G\" class=\"boxersandswipers\" title=\"Motorola MC99090-G\" href=\"https:\/\/cron-online.de\/wp-content\/uploads\/2016\/11\/Motorola-MC99090-G-.jpg\"><img decoding=\"async\" loading=\"lazy\" class=\"alignright size-medium wp-image-204\" src=\"https:\/\/cron-online.de\/wp-content\/uploads\/2016\/11\/Motorola-MC99090-G--254x300.jpg\" alt=\"\" width=\"254\" height=\"300\" srcset=\"https:\/\/cron-online.de\/wp-content\/uploads\/2016\/11\/Motorola-MC99090-G--254x300.jpg 254w, https:\/\/cron-online.de\/wp-content\/uploads\/2016\/11\/Motorola-MC99090-G-.jpg 376w\" sizes=\"(max-width: 254px) 100vw, 254px\" \/><\/a><strong>Selecci\u00f3n sin cables<\/strong><\/h3>\n<p>El trabajador lleva un esc\u00e1ner sin cables conectado al servidor de celix. Sin embargo, este m\u00e9todo tiene sentido \u00fanicamente si tambi\u00e9n se indica el peso en el c\u00f3digo de barras de los art\u00edculos que dependen del peso. CRON fomenta el uso de dispositivos que permiten toda la libertad de movimiento posible.<\/p>\n<h3><strong>Selecci\u00f3n en papel<\/strong><\/h3>\n<p>Todas las selecciones en papel se imprimen en el orden en que posteriormente se seleccionar\u00e1n y entregar\u00e1n. El encargado de seleccionar el pedido mete un art\u00edculo en una caja, creando as\u00ed una caja con un art\u00edculo, el siguiente art\u00edculo en la siguiente caja, etc. Cuando todos los art\u00edculos est\u00e9n ordenados, las cajas se colocar\u00e1n en un transportador autom\u00e1tico y se llevar\u00e1n a una b\u00e1scula. La primera caja contiene el resguardo, que se saca del carro. Este resguardo identifica el pedido y el art\u00edculo, de modo que permite lograr el m\u00e1ximo rendimiento.<\/p>\n<p>El principio de CRON: al seleccionar, celix puede obtener un gran beneficio. Gracias a la cantidad de controles que realiza celix, los errores son m\u00ednimos, apenas hay quejas, se reducen las horas de trabajo y el coste, mientras que el tonelaje aumenta.<\/p>\n<p>Los especialistas de CRON analizan la situaci\u00f3n actual de los clientes y las opciones de optimizaci\u00f3n para la empresa correspondiente.<\/p>","protected":false},"excerpt":{"rendered":"<p>celix: m\u00e1s eficacia en la selecci\u00f3n de pedidos CRON ofrece sistemas de selecci\u00f3n de distinta complejidad: desde soluciones integradas en un sistema log\u00edstico completo a sistemas manuales con un grado m\u00ednimo de automatizaci\u00f3n. El fundamento de la selecci\u00f3n \u00absin documentos\u00bb es el sistema \u00abcelix\u00bb. Todos los pedidos se registran de forma manual o autom\u00e1tica en [&hellip;]<\/p>\n","protected":false},"author":1,"featured_media":0,"parent":8,"menu_order":2,"comment_status":"closed","ping_status":"closed","template":"","meta":[],"_links":{"self":[{"href":"https:\/\/cron-online.de\/es\/wp-json\/wp\/v2\/pages\/16"}],"collection":[{"href":"https:\/\/cron-online.de\/es\/wp-json\/wp\/v2\/pages"}],"about":[{"href":"https:\/\/cron-online.de\/es\/wp-json\/wp\/v2\/types\/page"}],"author":[{"embeddable":true,"href":"https:\/\/cron-online.de\/es\/wp-json\/wp\/v2\/users\/1"}],"replies":[{"embeddable":true,"href":"https:\/\/cron-online.de\/es\/wp-json\/wp\/v2\/comments?post=16"}],"version-history":[{"count":0,"href":"https:\/\/cron-online.de\/es\/wp-json\/wp\/v2\/pages\/16\/revisions"}],"up":[{"embeddable":true,"href":"https:\/\/cron-online.de\/es\/wp-json\/wp\/v2\/pages\/8"}],"wp:attachment":[{"href":"https:\/\/cron-online.de\/es\/wp-json\/wp\/v2\/media?parent=16"}],"curies":[{"name":"wp","href":"https:\/\/api.w.org\/{rel}","templated":true}]}}