{"id":18,"date":"2016-11-30T14:56:47","date_gmt":"2016-11-30T13:56:47","guid":{"rendered":"http:\/\/cron-online.de\/?page_id=18"},"modified":"2017-11-15T17:40:06","modified_gmt":"2017-11-15T16:40:06","slug":"kundenspezifische-loesungen","status":"publish","type":"page","link":"https:\/\/cron-online.de\/es\/leistungen\/kundenspezifische-loesungen\/","title":{"rendered":"Soluciones Personalizadas"},"content":{"rendered":"<p><\/p>\n<h3>Tecnolog\u00eda de pesaje industrial\/soluciones personalizadas<\/h3>\n<p>La filosof\u00eda de CRON establece que no importa el problema que tenga, p\u00f3ngase en contacto con nosotros y encontraremos una soluci\u00f3n. \u00a1No hay nada que no podamos conectar!<\/p>\n<p>A continuaci\u00f3n mostramos algunos ejemplos de soluciones personalizadas:<\/p>\n<ul>\n<li><span style=\"color: #339966;\">Sistema de formulaci\u00f3n de CRON<\/span><\/li>\n<li><span style=\"color: #339966;\">Sistema de b\u00e1scula de recuento de CRON<\/span><\/li>\n<li><span style=\"color: #339966;\">Soluciones para la industria de trefilado de cables<\/span><\/li>\n<li><span style=\"color: #339966;\">Software para aplicaciones de seguridad<\/span><\/li>\n<li><span style=\"color: #339966;\">Visualizaci\u00f3n de procesos<\/span><\/li>\n<\/ul>\n<p>El equipo de CRON puede crear soluciones personalizadas muy econ\u00f3micas y asequibles para los clientes.<\/p>\n<p>A lo largo de los a\u00f1os, se han desarrollado gran cantidad de soluciones en una amplia variedad de sectores: pueden ser soluciones con tecnolog\u00eda de pesaje industrial o programaci\u00f3n especial de microprocesadores y controladores.<\/p>\n<p>Algunos ejemplos t\u00edpicos:<\/p>\n<p>En la fabricaci\u00f3n y producci\u00f3n de acero, son necesarios los denominados agentes enmascarantes, que se fabrican utilizando f\u00f3rmulas muy sofisticadas. Las materias primas se almacenan en distintos silos. <span style=\"color: #339966;\">El sistema de f\u00f3rmulas de CRON<\/span> controla todo el proceso de pesaje a trav\u00e9s de una b\u00e1scula del silo central, que estudia constantemente las caracter\u00edsticas de circulaci\u00f3n de todos los productos y corrige los errores de remesa que hayan surgido.<\/p>\n<p>Los <span style=\"color: #339966;\">sistemas de pesaje de CRON<\/span> suelen utilizarlos los proveedores de la industria automovil\u00edstica. La idea b\u00e1sica es que, por ejemplo, se pesan diez piezas de un art\u00edculo (como una sonda lambda) en una b\u00e1scula de precisi\u00f3n y luego una caja completa.<\/p>\n<p>Entonces, se sabr\u00e1 cu\u00e1ntas sondas lambda caben en la caja. Como norma, la impresi\u00f3n de las etiquetas de las cajas es obligatoria, as\u00ed como la impresi\u00f3n de una etiqueta de la VDA (la asociaci\u00f3n alemana de la industria automotriz) para el pal\u00e9\/caja de malla.<\/p>\n<p>El equipo de CRON ha desarrollado varias soluciones para la industria de trefilado de cables. De nuevo, lo m\u00e1s importante siempre son las b\u00e1sculas industriales. Normalmente, los anillos suelen pesarse despu\u00e9s de cada operaci\u00f3n. Como resultado, el avance del pedido se mantiene de forma permanente. Puede obtener una asignaci\u00f3n de remesa y documentaci\u00f3n perfectas. Por normal general, cada anillo cuenta con su propia etiqueta y con su propio n\u00famero.<\/p>\n<p>Dada la complicaci\u00f3n del entorno, hay una gran demanda de material de etiquetado as\u00ed como la tecnolog\u00eda de impresi\u00f3n resultante. CRON puede ofrecer las soluciones perfectas a nivel industrial.<\/p>\n<p>CRON es experto en <span style=\"color: #339966;\">programaci\u00f3n de software para aplicaciones de seguridad<\/span>. Este conocimiento especializado se utiliza en la programaci\u00f3n de control de puertas, ya sean deslizantes, con bisagras o giratorias. Dichos programas deben someterse a un riguroso proceso de admisi\u00f3n de T\u00dcV y VDS, as\u00ed como cumplir con reglamentos muy estrictos. CRON es especialista en el tema y ha desarrollado sus propios sistemas multitarea para los procesadores de la gran familia de NEC y ATMEL. Todos los procesos rutinarios de prueba se instalan como est\u00e1ndar en estos sistemas.<\/p>\n<p>A nivel internacional, estos sistemas se instalan en grandes n\u00fameros, EE. UU. incluido, que, por su parte, cuentan con otros reglamentos que, en ocasiones, son m\u00e1s amplios.<\/p>\n<h3><span style=\"color: #339966;\"><strong>Atenci\u00f3n a la visualizaci\u00f3n de procesos<\/strong><\/span><\/h3>\n<table class=\" alignright\">\n<tbody>\n<tr>\n<td><a class=\"boxersandswipers\" title=\"visuali1\" class=\"boxersandswipers\" title=\"visuali1\" class=\"boxersandswipers\" title=\"visuali1\" href=\"https:\/\/cron-online.de\/wp-content\/uploads\/2016\/11\/visuali1.jpg\"><img decoding=\"async\" loading=\"lazy\" class=\"size-full wp-image-307 aligncenter\" src=\"https:\/\/cron-online.de\/wp-content\/uploads\/2016\/11\/visuali1.jpg\" alt=\"\" width=\"205\" height=\"154\" \/><\/a><\/p>\n<p><a class=\"boxersandswipers\" title=\"visuali2\" class=\"boxersandswipers\" title=\"visuali2\" class=\"boxersandswipers\" title=\"visuali2\" href=\"https:\/\/cron-online.de\/wp-content\/uploads\/2016\/11\/visuali2.jpg\"><img decoding=\"async\" loading=\"lazy\" class=\"size-full wp-image-306 aligncenter\" src=\"https:\/\/cron-online.de\/wp-content\/uploads\/2016\/11\/visuali2.jpg\" alt=\"\" width=\"205\" height=\"154\" \/><\/a><\/td>\n<\/tr>\n<\/tbody>\n<\/table>\n<p>Esta funci\u00f3n trata de mostrar procesos din\u00e1micos en pantalla a tiempo real, de modo que los <strong><span style=\"color: #339966;\">operarios de plantas de la sala de control obtengan una visi\u00f3n general perfecta de la situaci\u00f3n actual<\/span>. <span style=\"color: #339966;\">CRON<\/span><\/strong> se centra en la visualizaci\u00f3n de sistemas y sistemas de transportadores.<\/p>\n<p>Por lo tanto, los componentes de la l\u00ednea del transportador, los tapones, los remolcadores y las barreras de luz, entre otros, son f\u00e1ciles de detectar. En caso de errores graves, se generan mensajes que deber\u00e1 recibir el operario de la planta. Dichos errores ya se habr\u00e1n detectado antes de apagar el sistema, por lo que podr\u00e1n solucionarse con rapidez.<\/p>","protected":false},"excerpt":{"rendered":"<p>Tecnolog\u00eda de pesaje industrial\/soluciones personalizadas La filosof\u00eda de CRON establece que no importa el problema que tenga, p\u00f3ngase en contacto con nosotros y encontraremos una soluci\u00f3n. \u00a1No hay nada que no podamos conectar! A continuaci\u00f3n mostramos algunos ejemplos de soluciones personalizadas: Sistema de formulaci\u00f3n de CRON Sistema de b\u00e1scula de recuento de CRON Soluciones para [&hellip;]<\/p>\n","protected":false},"author":1,"featured_media":0,"parent":8,"menu_order":3,"comment_status":"closed","ping_status":"closed","template":"","meta":[],"_links":{"self":[{"href":"https:\/\/cron-online.de\/es\/wp-json\/wp\/v2\/pages\/18"}],"collection":[{"href":"https:\/\/cron-online.de\/es\/wp-json\/wp\/v2\/pages"}],"about":[{"href":"https:\/\/cron-online.de\/es\/wp-json\/wp\/v2\/types\/page"}],"author":[{"embeddable":true,"href":"https:\/\/cron-online.de\/es\/wp-json\/wp\/v2\/users\/1"}],"replies":[{"embeddable":true,"href":"https:\/\/cron-online.de\/es\/wp-json\/wp\/v2\/comments?post=18"}],"version-history":[{"count":0,"href":"https:\/\/cron-online.de\/es\/wp-json\/wp\/v2\/pages\/18\/revisions"}],"up":[{"embeddable":true,"href":"https:\/\/cron-online.de\/es\/wp-json\/wp\/v2\/pages\/8"}],"wp:attachment":[{"href":"https:\/\/cron-online.de\/es\/wp-json\/wp\/v2\/media?parent=18"}],"curies":[{"name":"wp","href":"https:\/\/api.w.org\/{rel}","templated":true}]}}