{"id":20,"date":"2016-11-30T14:57:17","date_gmt":"2016-11-30T13:57:17","guid":{"rendered":"http:\/\/cron-online.de\/?page_id=20"},"modified":"2017-11-15T16:41:26","modified_gmt":"2017-11-15T15:41:26","slug":"service-hotline","status":"publish","type":"page","link":"https:\/\/cron-online.de\/es\/leistungen\/service-hotline\/","title":{"rendered":"L\u00ednea Telef\u00f3nica de Servucios"},"content":{"rendered":"<p><\/p>\n<h4><strong>El equipo de CRON siempre est\u00e1 disponible para los clientes.<\/strong><\/h4>\n<p>Cuando CRON entregue un proyecto, el equipo seguir\u00e1 estando disponible para los clientes las 24 horas, los 7 d\u00edas de la semana, todos los d\u00edas del a\u00f1o.<\/p>\n<p>En CRON, los servicios est\u00e1n descentralizados, lo que significa que los trabajadores pueden llamar al servidor central de CRON desde su oficina local. All\u00ed se encuentran disponibles varias centrales de comunicaci\u00f3n, que podr\u00e1n utilizarse seg\u00fan la estructura del cliente, desde un buen m\u00f3dem cl\u00e1sico hasta conexiones ISDN o VPN. No importa d\u00f3nde se encuentre el cliente, siempre habr\u00e1 un dispositivo de comunicaci\u00f3n para el servicio. CRON se alegra de ayudarle a escoger el equipo y los sistemas adecuados.<\/p>","protected":false},"excerpt":{"rendered":"<p>El equipo de CRON siempre est\u00e1 disponible para los clientes. Cuando CRON entregue un proyecto, el equipo seguir\u00e1 estando disponible para los clientes las 24 horas, los 7 d\u00edas de la semana, todos los d\u00edas del a\u00f1o. En CRON, los servicios est\u00e1n descentralizados, lo que significa que los trabajadores pueden llamar al servidor central de [&hellip;]<\/p>\n","protected":false},"author":1,"featured_media":0,"parent":8,"menu_order":4,"comment_status":"closed","ping_status":"closed","template":"","meta":[],"_links":{"self":[{"href":"https:\/\/cron-online.de\/es\/wp-json\/wp\/v2\/pages\/20"}],"collection":[{"href":"https:\/\/cron-online.de\/es\/wp-json\/wp\/v2\/pages"}],"about":[{"href":"https:\/\/cron-online.de\/es\/wp-json\/wp\/v2\/types\/page"}],"author":[{"embeddable":true,"href":"https:\/\/cron-online.de\/es\/wp-json\/wp\/v2\/users\/1"}],"replies":[{"embeddable":true,"href":"https:\/\/cron-online.de\/es\/wp-json\/wp\/v2\/comments?post=20"}],"version-history":[{"count":0,"href":"https:\/\/cron-online.de\/es\/wp-json\/wp\/v2\/pages\/20\/revisions"}],"up":[{"embeddable":true,"href":"https:\/\/cron-online.de\/es\/wp-json\/wp\/v2\/pages\/8"}],"wp:attachment":[{"href":"https:\/\/cron-online.de\/es\/wp-json\/wp\/v2\/media?parent=20"}],"curies":[{"name":"wp","href":"https:\/\/api.w.org\/{rel}","templated":true}]}}