{"id":25,"date":"2016-12-02T12:44:06","date_gmt":"2016-12-02T11:44:06","guid":{"rendered":"http:\/\/cron-online.de\/?page_id=25"},"modified":"2019-02-15T15:09:28","modified_gmt":"2019-02-15T14:09:28","slug":"referenzen","status":"publish","type":"page","link":"https:\/\/cron-online.de\/es\/referenzen\/","title":{"rendered":"Referencias"},"content":{"rendered":"<p><\/p>\n<ul>\n<li>Abbelen Fleischwaren, T\u00f6nisvorst<\/li>\n<li>Alfred Messner, Stainz (Austria)<\/li>\n<li>Astenhof, Hainspitz<\/li>\n<li>Bauerngut, B\u00fcckeburg<\/li>\n<li>Bauerngut, K\u00f6nnern<\/li>\n<li>B\u00f6seler Goldschmaus, Garrel<\/li>\n<li>citti GV-Partner, Kiel<\/li>\n<li>CPF, Bangkok \/ Nongjok (Tailandia)<\/li>\n<li>CPF, Qingdao (China)<\/li>\n<li>Cristim, Bucarest (Ruman\u00eda)<\/li>\n<li>Edeka Nord, Valluhn<\/li>\n<li>famila, Neum\u00fcnster<\/li>\n<li>Gr\u00e4fendorfer Gefl\u00fcgel und Tiefk\u00fchlfeinkost Produktions GmbH, Mockrehna<\/li>\n<li>Heidemark, Ahlhorn<\/li>\n<li>Jomo Gro\u00dfhandel GmbH<\/li>\n<li>Josef Maier Fleisch und Wild, Bad W\u00f6rishofen<\/li>\n<li>Lackmann Fleisch- und Feinkostfabrik, B\u00fchl<\/li>\n<li>Luckenwalder Fleischwaren GmbH, Luckenwalde<\/li>\n<li>Malzers Backstube GmbH &amp; Co. KG, Gelsenkirchen<\/li>\n<li>Novex, Asuncion (Paraguay)<\/li>\n<li>P.S.Food Product Co.,Ltd., Bangkok (Tailandia)<\/li>\n<li>Ponnath DIE MEISTERMETZGER GmbH, Freiburg<\/li>\n<li>Premium Fleisch AG, Zeven<\/li>\n<li>REWE Dortmund SE &amp; Co. KG<\/li>\n<li>Sorger, Frauental (Austria)<\/li>\n<li>TGM (Thai German Meat), Bangkok (Tailandia)<\/li>\n<li>TILS GmbH, Bornheim<\/li>\n<li>Transgourmet GmbH &amp; Co. OHG, Hildesheim und Ulm<\/li>\n<li>Ulmer Fleisch, Ulm<\/li>\n<li>Westfleisch, M\u00fcnster<\/li>\n<li>WFS GmbH, M\u00f6rfelden-Walldorf<\/li>\n<li>Wiesbauer Gourmet, Reidling (Austria)<\/li>\n<li>Wilhelm Brandenburg, Frankfort del Meno<\/li>\n<\/ul>\n<p>y muchos m\u00e1s&#8230;<\/p>","protected":false},"excerpt":{"rendered":"<p>Abbelen Fleischwaren, T\u00f6nisvorst Alfred Messner, Stainz (Austria) Astenhof, Hainspitz Bauerngut, B\u00fcckeburg Bauerngut, K\u00f6nnern B\u00f6seler Goldschmaus, Garrel citti GV-Partner, Kiel CPF, Bangkok \/ Nongjok (Tailandia) CPF, Qingdao (China) Cristim, Bucarest (Ruman\u00eda) Edeka Nord, Valluhn famila, Neum\u00fcnster Gr\u00e4fendorfer Gefl\u00fcgel und Tiefk\u00fchlfeinkost Produktions GmbH, Mockrehna Heidemark, Ahlhorn Jomo Gro\u00dfhandel GmbH Josef Maier Fleisch und Wild, Bad W\u00f6rishofen Lackmann [&hellip;]<\/p>\n","protected":false},"author":1,"featured_media":0,"parent":0,"menu_order":4,"comment_status":"closed","ping_status":"closed","template":"","meta":[],"_links":{"self":[{"href":"https:\/\/cron-online.de\/es\/wp-json\/wp\/v2\/pages\/25"}],"collection":[{"href":"https:\/\/cron-online.de\/es\/wp-json\/wp\/v2\/pages"}],"about":[{"href":"https:\/\/cron-online.de\/es\/wp-json\/wp\/v2\/types\/page"}],"author":[{"embeddable":true,"href":"https:\/\/cron-online.de\/es\/wp-json\/wp\/v2\/users\/1"}],"replies":[{"embeddable":true,"href":"https:\/\/cron-online.de\/es\/wp-json\/wp\/v2\/comments?post=25"}],"version-history":[{"count":1,"href":"https:\/\/cron-online.de\/es\/wp-json\/wp\/v2\/pages\/25\/revisions"}],"predecessor-version":[{"id":438,"href":"https:\/\/cron-online.de\/es\/wp-json\/wp\/v2\/pages\/25\/revisions\/438"}],"wp:attachment":[{"href":"https:\/\/cron-online.de\/es\/wp-json\/wp\/v2\/media?parent=25"}],"curies":[{"name":"wp","href":"https:\/\/api.w.org\/{rel}","templated":true}]}}