{"id":28,"date":"2016-12-02T12:46:11","date_gmt":"2016-12-02T11:46:11","guid":{"rendered":"http:\/\/cron-online.de\/?page_id=28"},"modified":"2017-11-16T09:29:53","modified_gmt":"2017-11-16T08:29:53","slug":"kontakt","status":"publish","type":"page","link":"https:\/\/cron-online.de\/es\/kontakt\/","title":{"rendered":"Contacto"},"content":{"rendered":"<p><iframe loading=\"lazy\" style=\"border: 0; float: right;\" src=\"https:\/\/www.google.com\/maps\/embed?pb=!1m18!1m12!1m3!1d2488.244012857507!2d7.073489316298604!3d51.41694407962036!2m3!1f0!2f0!3f0!3m2!1i1024!2i768!4f13.1!3m3!1m2!1s0x47b8dc5a9cc33575%3A0x2789e5c5ee6bc3ca!2sLangenberger+Str.+505%2C+45277+Essen!5e0!3m2!1sde!2sde!4v1480679858251\" width=\"500\" height=\"450\" frameborder=\"0\" allowfullscreen=\"allowfullscreen\"><\/iframe><strong>CRON SYSTEMS-AUTOMATION GmbH<br \/>\n<\/strong><\/p>\n<p>Langenberger Str. 505<br \/>\n45277 Essen<\/p>\n<p>Tel\u00e9fono : +49 201 | 85 82 1-0<br \/>\nFax : +49 201 | 85 82 1-21<br \/>\nCorreo electr\u00f3nico : info@cron-online.de<\/p>\n<p>&nbsp;<\/p>\n<h3>Desde Dortmund:<\/h3>\n<ul>\n<li>A40 hasta la salida Essen-Ost<\/li>\n<li>Desde ah\u00ed, direcci\u00f3n Dusseldorf<\/li>\n<li>Hasta la salida Essen-Bergerhausen<br \/>\n(la primera justo despu\u00e9s de la salida E.-Ost)<\/li>\n<li>A la izquierda hacia Kupferdreh (B227)<\/li>\n<li>Pasado el cambio de Essen-Steele<\/li>\n<li>Luego, a la izquierda en el siguiente sem\u00e1foro hacia \u00dcberruhr via el puente Ruhr<\/li>\n<li>A la derecha en el primer sem\u00e1foro hacia Langenberger Str<\/li>\n<li>CRON: Langenberger Str. 505<\/li>\n<\/ul>\n<p>&nbsp;<\/p>\n<h3>Desde Oberhausen:<\/h3>\n<ul>\n<li>A40 hasta la salida Essen-Frillendorf<\/li>\n<li>Izquierda e izquierda en la A40, direcci\u00f3n Duisburg\/Oberhausen<\/li>\n<li>Hasta la salida Essen-Ost (inmediatamente despu\u00e9s del carril de incorporaci\u00f3n)<\/li>\n<li>Desde ah\u00ed, direcci\u00f3n Dusseldorf<\/li>\n<li>Hasta la salida Essen-Bergerhausen (la primera justo despu\u00e9s de la salida E.-Ost)<\/li>\n<li>A la izquierda hacia Kupferdreh (B227)<\/li>\n<li>Pasado el cambio de Essen-Steele<\/li>\n<li>Luego, a la izquierda en el siguiente sem\u00e1foro hacia \u00dcberruhr via el puente Ruhr<\/li>\n<li>A la derecha en el primer sem\u00e1foro hacia Langenberger Str<\/li>\n<li>CRON: Langenberger Str. 505<\/li>\n<\/ul>\n<p>&nbsp;<\/p>\n<h3>Desde Dusseldorf:<\/h3>\n<ul>\n<li>A52 hacia Essen<\/li>\n<li>Hasta la salida Essen-Bergerhausen<\/li>\n<li>A la derecha hacia Kupferdreh (B227)<\/li>\n<li>Pasado el cambio de Essen-Steele<\/li>\n<li>Luego, a la izquierda en el siguiente sem\u00e1foro hacia \u00dcberruhr via el puente Ruhr<\/li>\n<li>A la derecha en el primer sem\u00e1foro hacia Langenberger Str<\/li>\n<li>CRON: Langenberger Str. 505<\/li>\n<\/ul>\n<p><\/p>","protected":false},"excerpt":{"rendered":"<p>CRON SYSTEMS-AUTOMATION GmbH Langenberger Str. 505 45277 Essen Tel\u00e9fono : +49 201 | 85 82 1-0 Fax : +49 201 | 85 82 1-21 Correo electr\u00f3nico : info@cron-online.de &nbsp; Desde Dortmund: A40 hasta la salida Essen-Ost Desde ah\u00ed, direcci\u00f3n Dusseldorf Hasta la salida Essen-Bergerhausen (la primera justo despu\u00e9s de la salida E.-Ost) A la izquierda [&hellip;]<\/p>\n","protected":false},"author":1,"featured_media":0,"parent":0,"menu_order":6,"comment_status":"closed","ping_status":"closed","template":"","meta":[],"_links":{"self":[{"href":"https:\/\/cron-online.de\/es\/wp-json\/wp\/v2\/pages\/28"}],"collection":[{"href":"https:\/\/cron-online.de\/es\/wp-json\/wp\/v2\/pages"}],"about":[{"href":"https:\/\/cron-online.de\/es\/wp-json\/wp\/v2\/types\/page"}],"author":[{"embeddable":true,"href":"https:\/\/cron-online.de\/es\/wp-json\/wp\/v2\/users\/1"}],"replies":[{"embeddable":true,"href":"https:\/\/cron-online.de\/es\/wp-json\/wp\/v2\/comments?post=28"}],"version-history":[{"count":0,"href":"https:\/\/cron-online.de\/es\/wp-json\/wp\/v2\/pages\/28\/revisions"}],"wp:attachment":[{"href":"https:\/\/cron-online.de\/es\/wp-json\/wp\/v2\/media?parent=28"}],"curies":[{"name":"wp","href":"https:\/\/api.w.org\/{rel}","templated":true}]}}