{"id":32,"date":"2016-12-02T12:49:43","date_gmt":"2016-12-02T11:49:43","guid":{"rendered":"http:\/\/cron-online.de\/wordpresscron-online.de\/?page_id=32"},"modified":"2018-07-17T15:24:51","modified_gmt":"2018-07-17T13:24:51","slug":"impressum","status":"publish","type":"page","link":"https:\/\/cron-online.de\/es\/impressum\/","title":{"rendered":"Aviso legal"},"content":{"rendered":"<p><\/p>\n<h3>Seg\u00fan gem\u00e4\u00df \u00a7 5 TMG:<\/h3>\n<p><strong>CRON Systems-Automation GmbH<\/strong><br \/>\nLangenberger Str. 505<br \/>\n45277 Essen<\/p>\n<p>&nbsp;<\/p>\n<table>\n<tbody>\n<tr>\n<td>Tel\u00e9fono:<\/td>\n<td>+49 201 | 85 82 1-0<\/td>\n<\/tr>\n<tr>\n<td>Fax:<\/td>\n<td>+49 201 | 85 82 1-21<\/td>\n<\/tr>\n<tr>\n<td>Correo electr\u00f3nico:<\/td>\n<td>info@cron-online.de<\/td>\n<\/tr>\n<\/tbody>\n<\/table>\n<p>&nbsp;<\/p>\n<p>Representantes autorizados: Steffen Strunk y Nora Thomale<\/p>\n<p>Registro: Amtsgericht Essen<br \/>\nN\u00famero de registro: HR 10301<br \/>\nN\u00famero de identificaci\u00f3n del Impuesto sobre las ventas: DE 157876342<\/p>\n<p>&nbsp;<\/p>\n<p>Dise\u00f1o de la p\u00e1gina web: Natalie Sugland, <a href=\"http:\/\/www.res-extensa.de\" target=\"_blank\" rel=\"noopener\">res extensa<\/a><\/p>\n<p>&nbsp;<\/p>\n<h3><strong>Descargo de responsabilidad<\/strong><\/h3>\n<p><strong>Responsabilidad por contenidos<\/strong><\/p>\n<p>En nuestra calidad de proveedor de servicios, somos responsables del contenido en nuestra p\u00e1gina web, de conformidad con el \u00a7 7 Abs.1 TMG y la legislaci\u00f3n general. No obstante, en virtud al \u00a7\u00a7 8 al 10 TMG, nosotros, como proveedores de servicios, no estamos obligados a supervisar la informaci\u00f3n de terceros divulgada o almacenada, ni a investigar las circunstancias que indiquen una actividad ilegal. Las obligaciones legales de eliminar o bloquear el uso de informaci\u00f3n no resultar\u00e1n afectadas. Sin embargo, solo aceptaremos responsabilidad a este respecto a partir de cuando tengamos conocimiento de una infracci\u00f3n concreta. Previa notificaci\u00f3n de las infracciones correspondientes, eliminaremos dicho contenido de inmediato.<\/p>\n<p><strong>Responsabilidad por enlaces<\/strong><\/p>\n<p>Nuestra oferta incluye enlaces a p\u00e1ginas web de terceros en cuyos contenidos no podemos influir, por lo que no asumimos responsabilidad alguna por los mismos. El proveedor u operador de las p\u00e1ginas web es siempre responsable de los contenidos de las p\u00e1ginas enlazadas, que se revisaron previamente en busca de posibles infracciones legales en el momento del enlace. En dicho momento, no se detect\u00f3 ning\u00fan tipo de contenido ilegal. No obstante, no consideramos razonable mantener un control\u00a0 permanente de los contenidos de las p\u00e1ginas web enlazadas sin una prueba fehaciente de infracci\u00f3n. Previa notificaci\u00f3n de las infracciones, eliminaremos dichos enlaces de inmediato.<\/p>\n<p><strong>Derechos de autor<\/strong><\/p>\n<p>El contenido y los trabajos de las p\u00e1ginas web, creadas por operadores de p\u00e1ginas web, est\u00e1n sujetos a la ley alemana de derechos de autor. La reproducci\u00f3n, procesamiento, distribuci\u00f3n y todo tipo de explotaci\u00f3n externos a los l\u00edmites de los derechos de autor deber\u00e1n obtener una autorizaci\u00f3n por escrito del autor o creador correspondiente. Las descargas y las copias de esta p\u00e1gina web son \u00fanicamente para uso privado no comercial. En la medida en que los contenidos de esta p\u00e1gina web no hayan sido creados por un operador, se tendr\u00e1n en cuenta los derechos de autor de terceros. Los contenidos de terceros estar\u00e1n marcados como tales. Si detecta alguna violaci\u00f3n de los derechos de autor, le rogamos nos lo notifique. Previa notificaci\u00f3n de las infracciones, eliminaremos dicho contenido de inmediato.<\/p>\n<h3><strong>Pol\u00edtica de privacidad<\/strong>:<\/h3>\n<p><strong>Protecci\u00f3n de datos<\/strong><\/p>\n<p>Los operadores de estas p\u00e1ginas web se toman muy en serio la protecci\u00f3n de sus datos personales, que cuentan con un trato confidencial, de conformidad con los reglamentos legales de protecci\u00f3n de datos y la presente pol\u00edtica de privacidad.<\/p>\n<p>Se puede utilizar nuestra p\u00e1gina web sin proporcionar informaci\u00f3n personal. Si recopilamos datos personales (como el nombre, la direcci\u00f3n o el correo electr\u00f3nico), ser\u00e1 siempre de forma voluntaria, en la medida de lo posible. Estos datos no se divulgar\u00e1n a terceros sin su consentimiento expl\u00edcito.<\/p>\n<p>&nbsp;<\/p>\n<p>Tenga presente que la transmisi\u00f3n de datos en Internet (por ejemplo, al intercambiar correos electr\u00f3nicos) puede sufrir brechas de seguridad. No es posible establecer una protecci\u00f3n completa de los datos desde el acceso de terceros.<\/p>\n<p>Nosotros, los operadores de esta p\u00e1gina web, protegemos meticulosamente sus datos personales y seguimos todo lo dispuesto por las leyes de protecci\u00f3n de datos. Esta p\u00e1gina web solo recopila datos personales en la medida en que sea t\u00e9cnicamente necesaria con fines estad\u00edsticos. No vendemos ni divulgamos los datos temporales a terceros por ninguna otra raz\u00f3n.<\/p>\n<p>Puede averiguar qu\u00e9 datos recopilamos, qu\u00e9 hacemos con ellos y c\u00f3mo garantizamos su protecci\u00f3n.<\/p>\n<ul>\n<li><strong>C\u00f3mo manejamos sus datos<\/strong><\/li>\n<\/ul>\n<p>Su navegador transmite de forma autom\u00e1tica los siguientes datos, que nosotros guardamos temporalmente en una base de datos de nuestro servidor:<\/p>\n<ul>\n<li>Tipo de navegador y versi\u00f3n<\/li>\n<li>El sistema operativo que utiliza<\/li>\n<li>URL de procedencia (la p\u00e1gina visitada previamente)<\/li>\n<li>Nombre del servidor del ordenador (direcci\u00f3n IP)<\/li>\n<li>Hora de la visita a la p\u00e1gina web y, seg\u00fan la ubicaci\u00f3n, tambi\u00e9n el d\u00eda.<\/li>\n<\/ul>\n<p>No podemos asignar estos datos a individuos, dado que, para nosotros, son an\u00f3nimos. No combinamos estos datos con informaci\u00f3n de otras fuentes, ya que se utiliza exclusivamente con fines estad\u00edsticos a fin de analizar la frecuencia de las visitas y la navegaci\u00f3n en esta p\u00e1gina principal. Los datos se eliminan despu\u00e9s de las evaluaciones estad\u00edsticas.<\/p>\n<p><strong>Pol\u00edtica de privacidad por el uso de complementos de Facebook (bot\u00f3n \u00abMe gusta\u00bb)<\/strong><\/p>\n<p>Los complementos de la red social Facebook, Facebook Inc., 1 Hacker Way, Menlo Park, California 94025, EE. UU., est\u00e1n integrados en nuestras p\u00e1ginas web. Los complementos de Facebook pueden reconocerse por el logo de Facebook o el \u00abMe gusta\u00bb en nuestra p\u00e1gina web. Aqu\u00ed podr\u00e1 encontrar un resumen de los complementos de Facebook: http:\/\/developers.facebook.com\/docs\/plugins\/.<\/p>\n<p>Cuando usted visita nuestras p\u00e1ginas web, el complemento establece una conexi\u00f3n directa entre su navegador y el servidor de Facebook. Facebook recibe informaci\u00f3n que indica que usted ha visitado nuestra p\u00e1gina web con su direcci\u00f3n IP. Si pulsa en el bot\u00f3n \u00abMe gusta\u00bb de Facebook mientras tiene su sesi\u00f3n de Facebook abierta, podr\u00e1 vincular los contenidos de nuestras p\u00e1ginas web con su perfil de Facebook. Como resultado, Facebook podr\u00e1 asignar la visita a nuestras p\u00e1ginas web con su cuenta de usuario. Cabe destacar que nosotros, como proveedor de las p\u00e1ginas web, no estamos al tanto del contenido de los datos transmitidos ni de su uso por parte de Facebook. Para obtener m\u00e1s informaci\u00f3n, consulte la Pol\u00edtica de Privacidad de Facebook en http:\/\/www.facebook.com\/policy.php.<\/p>\n<p>Si no desea que Facebook asocie su visita entre nuestras p\u00e1ginas web y su cuenta de usuario, cierre sesi\u00f3n en su cuenta de Facebook.<\/p>\n<p><strong>Cookies<\/strong><\/p>\n<p>Las p\u00e1ginas web utilizan un elemento denominado \u00abcookies\u00bb. Las cookies no da\u00f1an su ordenador ni contienen virus, sino que sirven para lograr que nuestra oferta sea m\u00e1s sencilla de utilizar, eficaz y segura. Las cookies son peque\u00f1os archivos de texto que su navegador almacena en su ordenador.<\/p>\n<p>La mayor\u00eda de las cookies que utilizamos se denominan \u00abcookies transitorias\u00bb, es decir, se eliminan autom\u00e1ticamente tras su visita. Hay otras cookies que se almacenan en su dispositivo hasta que usted las elimina y nos permiten reconocer su navegador en su pr\u00f3xima visita.<\/p>\n<p>Puede configurar su navegador para que le informe del uso de cookies y permitirlas \u00fanicamente en casos concretos, aceptarlas en ciertas ocasiones o excluirlas de forma autom\u00e1tica y activar la eliminaci\u00f3n autom\u00e1tica de cookies al cerrar el navegador. La desactivaci\u00f3n de las cookies podr\u00e1 reducir la funcionalidad de esta p\u00e1gina web.<\/p>\n<p>&nbsp;<\/p>","protected":false},"excerpt":{"rendered":"<p>Seg\u00fan gem\u00e4\u00df \u00a7 5 TMG: CRON Systems-Automation GmbH Langenberger Str. 505 45277 Essen &nbsp; Tel\u00e9fono: +49 201 | 85 82 1-0 Fax: +49 201 | 85 82 1-21 Correo electr\u00f3nico: info@cron-online.de &nbsp; Representantes autorizados: Steffen Strunk y Nora Thomale Registro: Amtsgericht Essen N\u00famero de registro: HR 10301 N\u00famero de identificaci\u00f3n del Impuesto sobre las ventas: [&hellip;]<\/p>\n","protected":false},"author":1,"featured_media":0,"parent":0,"menu_order":8,"comment_status":"closed","ping_status":"closed","template":"","meta":[],"_links":{"self":[{"href":"https:\/\/cron-online.de\/es\/wp-json\/wp\/v2\/pages\/32"}],"collection":[{"href":"https:\/\/cron-online.de\/es\/wp-json\/wp\/v2\/pages"}],"about":[{"href":"https:\/\/cron-online.de\/es\/wp-json\/wp\/v2\/types\/page"}],"author":[{"embeddable":true,"href":"https:\/\/cron-online.de\/es\/wp-json\/wp\/v2\/users\/1"}],"replies":[{"embeddable":true,"href":"https:\/\/cron-online.de\/es\/wp-json\/wp\/v2\/comments?post=32"}],"version-history":[{"count":3,"href":"https:\/\/cron-online.de\/es\/wp-json\/wp\/v2\/pages\/32\/revisions"}],"predecessor-version":[{"id":430,"href":"https:\/\/cron-online.de\/es\/wp-json\/wp\/v2\/pages\/32\/revisions\/430"}],"wp:attachment":[{"href":"https:\/\/cron-online.de\/es\/wp-json\/wp\/v2\/media?parent=32"}],"curies":[{"name":"wp","href":"https:\/\/api.w.org\/{rel}","templated":true}]}}