{"id":5,"date":"2016-11-30T14:42:37","date_gmt":"2016-11-30T13:42:37","guid":{"rendered":"http:\/\/cron-online.de\/?page_id=5"},"modified":"2019-03-08T12:41:20","modified_gmt":"2019-03-08T11:41:20","slug":"ueber-cron","status":"publish","type":"page","link":"https:\/\/cron-online.de\/es\/ueber-cron\/","title":{"rendered":"Acerca de CRON"},"content":{"rendered":"<p><\/p>\n<h3>Conocimientos del futuro desde el primer momento<\/h3>\n<p>Dado que los ordenadores son de uso generalizado, los expertos de CRON, como pioneros en programaci\u00f3n, son los mejores de la industria. Como empresa de software y sistemas que es, el equipo actual trabaja en los siguientes campos:<\/p>\n<p>\u2022 Circulaci\u00f3n de material interno<br \/>\n\u2022 Almacenamiento y manipulaci\u00f3n de materiales<br \/>\n\u2022 Control de producci\u00f3n<br \/>\n\u2022 Recopilaci\u00f3n de datos sobre m\u00e1quinas y operaciones<br \/>\n\u2022 Selecci\u00f3n<br \/>\n\u2022 Producci\u00f3n y remesas<br \/>\n\u2022 Funcionamiento del matadero<br \/>\n\u2022 Carnicer\u00eda<\/p>\n<p>El equilibrio entre la experiencia de a\u00f1os y los conocimientos de ingenier\u00eda orientados al futuro engendran productos y servicios bien dise\u00f1ados, que pueden aplicarse no solo en las operaciones con productos c\u00e1rnicos y embutidos y comercio minorista, sino tambi\u00e9n en muchos otros campos, como la industria de productos qu\u00edmicos.<\/p>\n<h3><strong>Soluciones completas e integradas<\/strong><\/h3>\n<p>Hoy en d\u00eda, las empresas se enfrentan constantemente a nuevos desaf\u00edos debido a la competencia internacional, que va en aumento debido a la globalizaci\u00f3n, y los complejos deseos de los clientes. Para lograr las ventajas competitivas, es necesario analizar todos los sectores de una empresa para detectar d\u00f3nde se encuentra un mayor potencial de racionalizaci\u00f3n. La optimizaci\u00f3n de la eficacia del flujo de material es fundamental. La automatizaci\u00f3n sofisticada y el uso de sistemas de Posicionamiento Din\u00e1mico (DP, por sus siglas en ingl\u00e9s) en los campos de producci\u00f3n y entrada y salida de mercanc\u00edas, as\u00ed como en env\u00edos, son pilares b\u00e1sicos para el \u00e9xito de una estrategia de futuro. Por lo tanto, el objetivo son unas soluciones completas e integradas que garanticen un flujo de informaci\u00f3n eficaz entre los distintos sectores de operaciones.<\/p>\n<p>Quien est\u00e9 considerando integrar sistemas automatizados en producci\u00f3n, entrada y salida de mercanc\u00edas o env\u00edos, y quien desee integrar sistemas y m\u00e1quinas en el flujo de informaci\u00f3n operativa, encontrar\u00e1 en CRON un experto que conoce al detalle todos esos asuntos.<\/p>\n<h3><strong>Servicio de atenci\u00f3n al cliente al estilo de CRON<\/strong><\/h3>\n<p>El lema m\u00e1s importante de CRON es tomarse el tiempo necesario para escuchar con atenci\u00f3n, comprender qu\u00e9 preocupa al cliente y el contexto operativo de cada uno desde el principio. CRON acompa\u00f1a a sus clientes con responsabilidad a lo largo de todo el proyecto y siempre est\u00e1 presente a la hora de resolver dudas o tramitar solicitudes. Es as\u00ed, que los principios orientativos de CRON para el servicio de atenci\u00f3n al cliente son:<\/p>\n<p>\u2022 Realizaci\u00f3n de tareas y deseos de forma r\u00e1pida y sin complicaciones<br \/>\n\u2022 Asesor\u00eda intensiva en la fase de preventa y planificaci\u00f3n<br \/>\n\u2022 Env\u00edo de ofertas cualificadas<br \/>\n\u2022 Prestaci\u00f3n de servicios desde una sola fuente, de forma que se ahorre dinero y tiempo<br \/>\n\u2022 Gesti\u00f3n de proyectos por parte de administradores con experiencia t\u00e9cnica y comercial<\/p>\n<h3><strong>\u00a1Aceptamos los desaf\u00edos!<\/strong><\/h3>\n<p>Cuando las cosas complican y es necesario realizar tareas dif\u00edciles, los t\u00e9cnicos y los ingenieros de CRON muestran su verdadero potencial. Los conocimientos de CRON se enfrentan a desaf\u00edos constantes y la colaboraci\u00f3n estrecha da como resultado soluciones personalizadas con las que se busca una satisfacci\u00f3n completa y que dan lugar a grandes mejoras de los procesos operativos. Tambi\u00e9n significa que la relaci\u00f3n con CRON no acaba con la instalaci\u00f3n. La instrucci\u00f3n y la formaci\u00f3n exhaustivas de los trabajadores ya se dan por supuestas, puesto que resultan de un gran apoyo para los servicios y las operaciones. Los expertos de CRON le proporcionar\u00e1n un asesoramiento especializado y medidas fundamentadas para garantizar un resultado inequ\u00edvoco: el \u00e9xito.<\/p>","protected":false},"excerpt":{"rendered":"<p>Conocimientos del futuro desde el primer momento Dado que los ordenadores son de uso generalizado, los expertos de CRON, como pioneros en programaci\u00f3n, son los mejores de la industria. Como empresa de software y sistemas que es, el equipo actual trabaja en los siguientes campos: \u2022 Circulaci\u00f3n de material interno \u2022 Almacenamiento y manipulaci\u00f3n de [&hellip;]<\/p>\n","protected":false},"author":1,"featured_media":0,"parent":0,"menu_order":0,"comment_status":"closed","ping_status":"closed","template":"","meta":[],"_links":{"self":[{"href":"https:\/\/cron-online.de\/es\/wp-json\/wp\/v2\/pages\/5"}],"collection":[{"href":"https:\/\/cron-online.de\/es\/wp-json\/wp\/v2\/pages"}],"about":[{"href":"https:\/\/cron-online.de\/es\/wp-json\/wp\/v2\/types\/page"}],"author":[{"embeddable":true,"href":"https:\/\/cron-online.de\/es\/wp-json\/wp\/v2\/users\/1"}],"replies":[{"embeddable":true,"href":"https:\/\/cron-online.de\/es\/wp-json\/wp\/v2\/comments?post=5"}],"version-history":[{"count":1,"href":"https:\/\/cron-online.de\/es\/wp-json\/wp\/v2\/pages\/5\/revisions"}],"predecessor-version":[{"id":449,"href":"https:\/\/cron-online.de\/es\/wp-json\/wp\/v2\/pages\/5\/revisions\/449"}],"wp:attachment":[{"href":"https:\/\/cron-online.de\/es\/wp-json\/wp\/v2\/media?parent=5"}],"curies":[{"name":"wp","href":"https:\/\/api.w.org\/{rel}","templated":true}]}}