{"id":8,"date":"2016-11-30T14:44:28","date_gmt":"2016-11-30T13:44:28","guid":{"rendered":"http:\/\/cron-online.de\/?page_id=8"},"modified":"2017-11-21T14:48:06","modified_gmt":"2017-11-21T13:48:06","slug":"leistungen","status":"publish","type":"page","link":"https:\/\/cron-online.de\/es\/leistungen\/","title":{"rendered":"Servicios"},"content":{"rendered":"<p>Los servicios de CRON tienen caracter\u00edsticas t\u00e9cnicas, por lo que es necesaria una planificaci\u00f3n amplia.<\/p>\n<p>Todas las actividades de CRON se realizan como proyectos.<\/p>\n<h3>Proyecto<\/h3>\n<p>Un proyecto normal se divide en las siguientes fases:<\/p>\n<ul>\n<li>planificaci\u00f3n\/consulta antes del proceso de adjudicaci\u00f3n de contrato<\/li>\n<li>adjudicaci\u00f3n de contrato<\/li>\n<li>redacci\u00f3n de especificaciones<\/li>\n<li>ejecuci\u00f3n\/programaci\u00f3n del proyecto\/subproyecto<\/li>\n<li>comprobaci\u00f3n de todo el sistema en un laboratorio<\/li>\n<li>puesta en servicio\/instalaci\u00f3n del sistema al cliente<\/li>\n<li>aprendizaje y formaci\u00f3n<\/li>\n<li>ayuda de la empresa in situ<\/li>\n<li>ayuda con las operaciones a trav\u00e9s de mantenimiento a distancia<\/li>\n<\/ul>\n<p>CRON es un gestor de proyectos con experiencia y poder de decisi\u00f3n para cada uno de sus proyectos.<\/p>\n<h3><a href=\"http:\/\/cron-online.de\/leistungen\/planung-beratung\/\">Planificaci\u00f3n \/ consulta<\/a><\/h3>\n<p>Una funci\u00f3n de la fase de planificaci\u00f3n y consulta es la creaci\u00f3n y el desarrollo de an\u00e1lisis reales, conceptos objetivo y soluciones alternativas para las cuestiones m\u00e1s importantes. Esta fase suele desarrollarse de principio a fin del proyecto. Y, adem\u00e1s de las designaciones y las tareas, tambi\u00e9n se incluye la selecci\u00f3n de componentes, como la tecnolog\u00eda de pesaje, los instrumentos de medici\u00f3n, las etiquetadoras y los equipos y programas inform\u00e1ticos.<\/p>\n<h3><a href=\"http:\/\/cron-online.de\/leistungen\/fleisch-logistik\/\">Log\u00edstica de la carne<\/a><\/h3>\n<p>CRON ofrece sistemas de log\u00edstica de distinta complejidad, normalmente con un socio de tecnolog\u00eda de transportadores. Tambi\u00e9n proporciona el sistema de gesti\u00f3n de almacenamiento y log\u00edstica, incluido el control de la circulaci\u00f3n del material. Los socios de manipulaci\u00f3n de materiales proporcionan el acero y el acero inoxidable, as\u00ed como el PLC (controlador l\u00f3gico programable) con toda la ingenier\u00eda electr\u00f3nica.<\/p>\n<p>CRON est\u00e1 muy especializado en la industria c\u00e1rnica y de embutidos. El sistema de log\u00edstica, denominado <span style=\"color: #339966;\"><strong>celix<\/strong><\/span>, da apoyo a una amplia gama de campos de actividades, como la recepci\u00f3n, la producci\u00f3n, la carnicer\u00eda, el embalaje, la fijaci\u00f3n de precios, el almacenamiento, la selecci\u00f3n y el env\u00edo.<\/p>\n<h3><a href=\"http:\/\/cron-online.de\/leistungen\/kommissioniersysteme\/\">Sistemas de selecci\u00f3n<\/a><\/h3>\n<p>Durante la selecci\u00f3n de pedidos, se re\u00fanen los art\u00edculos individuales de un surtido completo en un pedido de un cliente o del mercado. Los empleados que preparan el pedido se denominan \u00abseleccionadores\u00bb, por lo que el lugar de trabajo se llama zona o estaci\u00f3n de selecci\u00f3n. En ocasiones, en las estaciones de selecci\u00f3n tambi\u00e9n se realizan los procesos de manipulaci\u00f3n de materiales, puesto que hay veces en las que se trata de labores puramente manuales.<\/p>\n<p>CRON tiene una gran experiencia en el campo y puede ofrecer la mejor soluci\u00f3n para todo tipo de necesidades.<\/p>\n<h3><a href=\"http:\/\/cron-online.de\/leistungen\/kundenspezifische-loesungen\/\">Tecnolog\u00eda de pesaje industrial \/ soluciones personalizadas<\/a><\/h3>\n<p>Los productores de escala ya ofrecen un nivel elevado de soluciones para sus clientes. Cuando una soluci\u00f3n de pesaje est\u00e1ndar no cumple con las exigencias del cliente, el equipo de CRON entra en escena. A lo largo de los a\u00f1os, se han llevado a cabo muchos proyectos en la industria manufacturera (acero, cables, pl\u00e1stico, productos qu\u00edmicos, etc.), al igual que en la industria c\u00e1rnica y de embutidos. Durante el proceso, CRON se ha labrado una reputaci\u00f3n:<\/p>\n<p>\u00ab<strong>\u00a1No hay nada que no podamos conectar!<\/strong>\u00bb<\/p>\n<p>&nbsp;<\/p>\n<h3><a href=\"http:\/\/cron-online.de\/leistungen\/service-hotline\/\">L\u00ednea telef\u00f3nica de servicios<\/a><\/h3>\n<p>Cuando CRON entregue un proyecto, el equipo seguir\u00e1 estando disponible para los clientes las 24 horas, los 7 d\u00edas de la semana, todos los d\u00edas del a\u00f1o. Gracias a nuestros equipos de vanguardia y nuestra organizaci\u00f3n interna, encontramos una soluci\u00f3n sencilla para todo tipo de problemas.<\/p>\n<p>&nbsp;<\/p>","protected":false},"excerpt":{"rendered":"<p>Los servicios de CRON tienen caracter\u00edsticas t\u00e9cnicas, por lo que es necesaria una planificaci\u00f3n amplia. Todas las actividades de CRON se realizan como proyectos. Proyecto Un proyecto normal se divide en las siguientes fases: planificaci\u00f3n\/consulta antes del proceso de adjudicaci\u00f3n de contrato adjudicaci\u00f3n de contrato redacci\u00f3n de especificaciones ejecuci\u00f3n\/programaci\u00f3n del proyecto\/subproyecto comprobaci\u00f3n de todo el [&hellip;]<\/p>\n","protected":false},"author":1,"featured_media":0,"parent":0,"menu_order":1,"comment_status":"closed","ping_status":"closed","template":"","meta":[],"_links":{"self":[{"href":"https:\/\/cron-online.de\/es\/wp-json\/wp\/v2\/pages\/8"}],"collection":[{"href":"https:\/\/cron-online.de\/es\/wp-json\/wp\/v2\/pages"}],"about":[{"href":"https:\/\/cron-online.de\/es\/wp-json\/wp\/v2\/types\/page"}],"author":[{"embeddable":true,"href":"https:\/\/cron-online.de\/es\/wp-json\/wp\/v2\/users\/1"}],"replies":[{"embeddable":true,"href":"https:\/\/cron-online.de\/es\/wp-json\/wp\/v2\/comments?post=8"}],"version-history":[{"count":0,"href":"https:\/\/cron-online.de\/es\/wp-json\/wp\/v2\/pages\/8\/revisions"}],"wp:attachment":[{"href":"https:\/\/cron-online.de\/es\/wp-json\/wp\/v2\/media?parent=8"}],"curies":[{"name":"wp","href":"https:\/\/api.w.org\/{rel}","templated":true}]}}